{"id":6648,"date":"2023-04-30T11:48:25","date_gmt":"2023-04-30T14:48:25","guid":{"rendered":"https:\/\/maisonvisage.com\/?page_id=6648"},"modified":"2026-02-26T15:48:15","modified_gmt":"2026-02-26T18:48:15","slug":"seja-um-distribuidor","status":"publish","type":"page","link":"https:\/\/maisonvisage.com\/es\/seja-um-distribuidor\/","title":{"rendered":"Seja um distribuidor"},"content":{"rendered":"\t\t<div data-elementor-type=\"wp-page\" data-elementor-id=\"6648\" class=\"elementor elementor-6648\" data-elementor-settings=\"{&quot;ha_cmc_init_switcher&quot;:&quot;no&quot;}\" data-elementor-post-type=\"page\">\n\t\t\t\t\t\t<section data-particle_enable=\"false\" data-particle-mobile-disabled=\"false\" class=\"elementor-section elementor-top-section elementor-element elementor-element-f6db5b2 elementor-section-height-min-height elementor-section-boxed elementor-section-height-default elementor-section-items-middle\" data-id=\"f6db5b2\" data-element_type=\"section\" data-e-type=\"section\" data-settings=\"{&quot;_ha_eqh_enable&quot;:false}\">\n\t\t\t\t\t\t<div class=\"elementor-container elementor-column-gap-default\">\n\t\t\t\t\t<div class=\"elementor-column elementor-col-100 elementor-top-column elementor-element elementor-element-da9e835\" data-id=\"da9e835\" data-element_type=\"column\" data-e-type=\"column\">\n\t\t\t<div class=\"elementor-widget-wrap elementor-element-populated\">\n\t\t\t\t\t\t<div class=\"elementor-element elementor-element-2b4e860 elementor-widget elementor-widget-heading\" data-id=\"2b4e860\" data-element_type=\"widget\" data-e-type=\"widget\" data-widget_type=\"heading.default\">\n\t\t\t\t<div class=\"elementor-widget-container\">\n\t\t\t\t\t<h2 class=\"elementor-heading-title elementor-size-default\">Seja um distribuidor<\/h2>\t\t\t\t<\/div>\n\t\t\t\t<\/div>\n\t\t\t\t<section data-particle_enable=\"false\" data-particle-mobile-disabled=\"false\" class=\"elementor-section elementor-inner-section elementor-element elementor-element-aa6ff8b elementor-section-boxed elementor-section-height-default elementor-section-height-default\" data-id=\"aa6ff8b\" data-element_type=\"section\" data-e-type=\"section\" data-settings=\"{&quot;_ha_eqh_enable&quot;:false}\">\n\t\t\t\t\t\t<div class=\"elementor-container elementor-column-gap-default\">\n\t\t\t\t\t<div class=\"elementor-column elementor-col-50 elementor-inner-column elementor-element elementor-element-d1b3cca\" data-id=\"d1b3cca\" data-element_type=\"column\" data-e-type=\"column\">\n\t\t\t<div class=\"elementor-widget-wrap elementor-element-populated\">\n\t\t\t\t\t\t<div class=\"elementor-element elementor-element-07c5f4f elementor-widget elementor-widget-text-editor\" data-id=\"07c5f4f\" data-element_type=\"widget\" data-e-type=\"widget\" data-widget_type=\"text-editor.default\">\n\t\t\t\t<div class=\"elementor-widget-container\">\n\t\t\t\t\t\t\t\t\t<p>A <strong>MAISON VISAGE COSMETIQUE<\/strong> cresce com parcerias s\u00f3lidas na promo\u00e7\u00e3o de seus produtos, de qualidade reconhecida em todo o territ\u00f3rio nacional. Se voc\u00ea \u00e9 empreendedor e tem vontade de atuar no mercado de cosm\u00e9ticos, que cresce mais a cada ano, a MAISON oferece uma excelente e lucrativa oportunidade para voc\u00ea.<\/p><ul><li>A MAISON \u00e9 uma marca refer\u00eancia no mercado de cosm\u00e9ticos.<\/li><li>Linha de produ\u00e7\u00e3o em constante evolu\u00e7\u00e3o para atender \u00e0s demandas do mercado.<\/li><li>Produtos com valor agregado, garantindo lucratividade e bons neg\u00f3cios.<\/li><li>Cosm\u00e9ticos com qualidade assegurada, feitos a partir de mat\u00e9ria-prima selecionada, atendendo plenamente \u00e0s normas do Minist\u00e9rio da Sa\u00fade da Ag\u00eancia Nacional de Vigil\u00e2ncia Sanit\u00e1ria (Anvisa).<\/li><li>Produtos diversificados para o atendimento pleno do p\u00fablico alvo.<\/li><\/ul><p>Atendimento personalizado para os distribuidores.<\/p>\t\t\t\t\t\t\t\t<\/div>\n\t\t\t\t<\/div>\n\t\t\t\t<div class=\"elementor-element elementor-element-9aecba9 elementor-widget elementor-widget-html\" data-id=\"9aecba9\" data-element_type=\"widget\" data-e-type=\"widget\" data-widget_type=\"html.default\">\n\t\t\t\t<div class=\"elementor-widget-container\">\n\t\t\t\t\t<script type=\"text\/javascript\" src=\"https:\/\/cdnjs.cloudflare.com\/ajax\/libs\/jquery.mask\/1.14.15\/jquery.mask.min.js\"><\/script>\r\n<script type=\"text\/javascript\" >\r\n\r\njQuery(document).ready(function( $ ) {\r\nfunction limpa_formulario_cep() {\r\n\r\n$(\"#form-field-endereco\").val(\"\");\r\n$(\"#form-field-cidade\").val(\"\");\r\n$(\"#form-field-estado\").val(\"\");\r\n$(\"#form-field-bairro\").val(\"\");\r\n}\r\n\r\n$(\"#form-field-cep\").blur(function() {\r\n\r\nvar cep = $(this).val().replace(\/\\D\/g, '');\r\n\r\nif (cep != \"\") {\r\n\r\nvar validacep = \/^[0-9]{8}$\/;\r\n\r\nif(validacep.test(cep)) {\r\n\r\n$(\"#form-field-endereco\").val(\"...\");\r\n$(\"#form-field-cidade\").val(\"...\");\r\n$(\"#form-field-estado\").val(\"...\");\r\n$(\"#form-field-bairro\").val(\"...\");\r\n\r\n$.getJSON(\"\/\/viacep.com.br\/ws\/\"+ cep +\"\/json\/?callback=?\", function(dados) {\r\n\r\nif (!(\"erro\" in dados)) {\r\n\r\n$(\"#form-field-endereco\").val(dados.logradouro);\r\n$(\"#form-field-cidade\").val(dados.localidade);\r\n$(\"#form-field-estado\").val(dados.uf);\r\n$(\"#form-field-bairro\").val(dados.bairro);\r\n}\r\nelse {\r\n\r\nlimpa_formulario_cep();\r\nalert(\"CEP n\u00e3o encontrado.\");\r\n}\r\n});\r\n}\r\nelse {\r\n\r\nlimpa_formulario_cep();\r\nalert(\"Formato de CEP inv\u00e1lido.\");\r\n}\r\n}\r\nelse {\r\n\r\nlimpa_formulario_cep();\r\n}\r\n});\r\n$(\"#form-field-telefone_comercial\").mask(\"(99) 999999999\");\r\n$(\"#form-field-telefone_pessoal\").mask(\"(99) 999999999\");\r\n$(\"#form-field-rg\").mask(\"00.000.000-*\");\r\n$(\"#form-field-cpf\").mask(\"000.000.000-**\");\r\n$(\"#form-field-cep\").mask(\"00000-000\");\r\n\r\n});\r\n<\/script>\t\t\t\t<\/div>\n\t\t\t\t<\/div>\n\t\t\t\t\t<\/div>\n\t\t<\/div>\n\t\t\t\t<div class=\"elementor-column elementor-col-50 elementor-inner-column elementor-element elementor-element-dc555b7\" data-id=\"dc555b7\" data-element_type=\"column\" data-e-type=\"column\">\n\t\t\t<div class=\"elementor-widget-wrap elementor-element-populated\">\n\t\t\t\t\t\t<div class=\"elementor-element elementor-element-5406e3b elementor-button-align-stretch elementor-widget elementor-widget-form\" data-id=\"5406e3b\" data-element_type=\"widget\" data-e-type=\"widget\" data-settings=\"{&quot;step_next_label&quot;:&quot;Pr\\u00f3ximo&quot;,&quot;step_previous_label&quot;:&quot;Anterior&quot;,&quot;button_width&quot;:&quot;100&quot;,&quot;step_type&quot;:&quot;number_text&quot;,&quot;step_icon_shape&quot;:&quot;circle&quot;}\" data-widget_type=\"form.default\">\n\t\t\t\t<div class=\"elementor-widget-container\">\n\t\t\t\t\t\t\t<form class=\"elementor-form\" method=\"post\" name=\"Seja um Distribuidor\" aria-label=\"Seja um Distribuidor\">\n\t\t\t<input type=\"hidden\" name=\"post_id\" value=\"6648\"\/>\n\t\t\t<input type=\"hidden\" name=\"form_id\" value=\"5406e3b\"\/>\n\t\t\t<input type=\"hidden\" name=\"referer_title\" value=\"\" \/>\n\n\t\t\t\n\t\t\t<div class=\"elementor-form-fields-wrapper elementor-labels-\">\n\t\t\t\t\t\t\t\t<div class=\"elementor-field-type-text elementor-field-group elementor-column elementor-field-group-name elementor-col-100 elementor-field-required\">\n\t\t\t\t\t\t\t\t\t\t\t\t<label for=\"form-field-name\" class=\"elementor-field-label elementor-screen-only\">\n\t\t\t\t\t\t\t\tNome Fantasia\t\t\t\t\t\t\t<\/label>\n\t\t\t\t\t\t\t\t\t\t\t\t\t\t<input size=\"1\" type=\"text\" name=\"form_fields[name]\" id=\"form-field-name\" class=\"elementor-field elementor-size-sm  elementor-field-textual\" placeholder=\"Nome Fantasia\" required=\"required\">\n\t\t\t\t\t\t\t\t\t\t\t<\/div>\n\t\t\t\t\t\t\t\t<div class=\"elementor-field-type-text elementor-field-group elementor-column elementor-field-group-field_ff24133 elementor-col-100 elementor-field-required\">\n\t\t\t\t\t\t\t\t\t\t\t\t<label for=\"form-field-field_ff24133\" class=\"elementor-field-label elementor-screen-only\">\n\t\t\t\t\t\t\t\tRespons\u00e1vel\t\t\t\t\t\t\t<\/label>\n\t\t\t\t\t\t\t\t\t\t\t\t\t\t<input size=\"1\" type=\"text\" name=\"form_fields[field_ff24133]\" id=\"form-field-field_ff24133\" class=\"elementor-field elementor-size-sm  elementor-field-textual\" placeholder=\"Respons\u00e1vel\" required=\"required\">\n\t\t\t\t\t\t\t\t\t\t\t<\/div>\n\t\t\t\t\t\t\t\t<div class=\"elementor-field-type-maskcep elementor-field-group elementor-column elementor-field-group-cep elementor-col-100 elementor-field-required\">\n\t\t\t\t\t\t\t\t\t\t\t\t<label for=\"form-field-cep\" class=\"elementor-field-label elementor-screen-only\">\n\t\t\t\t\t\t\t\tCEP\t\t\t\t\t\t\t<\/label>\n\t\t\t\t\t\t<input size=\"1\" type=\"tel\" name=\"form_fields[cep]\" id=\"form-field-cep\" class=\"elementor-field elementor-size-sm  elementor-field-textual cep\" required=\"required\" placeholder=\"CEP\">\t\t\t\t<\/div>\n\t\t\t\t\t\t\t\t<div class=\"elementor-field-type-text elementor-field-group elementor-column elementor-field-group-field_063f1a4 elementor-col-100 elementor-field-required\">\n\t\t\t\t\t\t\t\t\t\t\t\t<label for=\"form-field-field_063f1a4\" class=\"elementor-field-label elementor-screen-only\">\n\t\t\t\t\t\t\t\tRua\t\t\t\t\t\t\t<\/label>\n\t\t\t\t\t\t\t\t\t\t\t\t\t\t<input size=\"1\" type=\"text\" name=\"form_fields[field_063f1a4]\" id=\"form-field-field_063f1a4\" class=\"elementor-field elementor-size-sm  elementor-field-textual\" placeholder=\"Rua\" required=\"required\">\n\t\t\t\t\t\t\t\t\t\t\t<\/div>\n\t\t\t\t\t\t\t\t<div class=\"elementor-field-type-text elementor-field-group elementor-column elementor-field-group-field_678b092 elementor-col-100\">\n\t\t\t\t\t\t\t\t\t\t\t\t<label for=\"form-field-field_678b092\" class=\"elementor-field-label elementor-screen-only\">\n\t\t\t\t\t\t\t\tN\u00famero\t\t\t\t\t\t\t<\/label>\n\t\t\t\t\t\t\t\t\t\t\t\t\t\t<input size=\"1\" type=\"text\" name=\"form_fields[field_678b092]\" id=\"form-field-field_678b092\" class=\"elementor-field elementor-size-sm  elementor-field-textual\" placeholder=\"N\u00famero\">\n\t\t\t\t\t\t\t\t\t\t\t<\/div>\n\t\t\t\t\t\t\t\t<div class=\"elementor-field-type-text elementor-field-group elementor-column elementor-field-group-field_3b90a34 elementor-col-100\">\n\t\t\t\t\t\t\t\t\t\t\t\t<label for=\"form-field-field_3b90a34\" class=\"elementor-field-label elementor-screen-only\">\n\t\t\t\t\t\t\t\tBairro\t\t\t\t\t\t\t<\/label>\n\t\t\t\t\t\t\t\t\t\t\t\t\t\t<input size=\"1\" type=\"text\" name=\"form_fields[field_3b90a34]\" id=\"form-field-field_3b90a34\" class=\"elementor-field elementor-size-sm  elementor-field-textual\" placeholder=\"Bairro\">\n\t\t\t\t\t\t\t\t\t\t\t<\/div>\n\t\t\t\t\t\t\t\t<div class=\"elementor-field-type-text elementor-field-group elementor-column elementor-field-group-cidade elementor-col-100 elementor-field-required\">\n\t\t\t\t\t\t\t\t\t\t\t\t<label for=\"form-field-cidade\" class=\"elementor-field-label elementor-screen-only\">\n\t\t\t\t\t\t\t\tCidade\t\t\t\t\t\t\t<\/label>\n\t\t\t\t\t\t\t\t\t\t\t\t\t\t<input size=\"1\" type=\"text\" name=\"form_fields[cidade]\" id=\"form-field-cidade\" class=\"elementor-field elementor-size-sm  elementor-field-textual\" placeholder=\"Cidade\" required=\"required\">\n\t\t\t\t\t\t\t\t\t\t\t<\/div>\n\t\t\t\t\t\t\t\t<div class=\"elementor-field-type-text elementor-field-group elementor-column elementor-field-group-estado elementor-col-100 elementor-field-required\">\n\t\t\t\t\t\t\t\t\t\t\t\t<label for=\"form-field-estado\" class=\"elementor-field-label elementor-screen-only\">\n\t\t\t\t\t\t\t\tEstado\t\t\t\t\t\t\t<\/label>\n\t\t\t\t\t\t\t\t\t\t\t\t\t\t<input size=\"1\" type=\"text\" name=\"form_fields[estado]\" id=\"form-field-estado\" class=\"elementor-field elementor-size-sm  elementor-field-textual\" placeholder=\"Estado\" required=\"required\">\n\t\t\t\t\t\t\t\t\t\t\t<\/div>\n\t\t\t\t\t\t\t\t<div class=\"elementor-field-type-masktelephone_with_ddd elementor-field-group elementor-column elementor-field-group-field_13b56b9 elementor-col-100\">\n\t\t\t\t\t\t\t\t\t\t\t\t<label for=\"form-field-field_13b56b9\" class=\"elementor-field-label elementor-screen-only\">\n\t\t\t\t\t\t\t\tTelefone Comercial com DDD\t\t\t\t\t\t\t<\/label>\n\t\t\t\t\t\t<input size=\"1\" type=\"tel\" name=\"form_fields[field_13b56b9]\" id=\"form-field-field_13b56b9\" class=\"elementor-field elementor-size-sm  elementor-field-textual telephone_with_ddd\" placeholder=\"Telefone Comercial com DDD\">\t\t\t\t<\/div>\n\t\t\t\t\t\t\t\t<div class=\"elementor-field-type-maskphone_with_ddd elementor-field-group elementor-column elementor-field-group-field_3808ebb elementor-col-100 elementor-field-required\">\n\t\t\t\t\t\t\t\t\t\t\t\t<label for=\"form-field-field_3808ebb\" class=\"elementor-field-label elementor-screen-only\">\n\t\t\t\t\t\t\t\tTelefone pessoal com DDD\t\t\t\t\t\t\t<\/label>\n\t\t\t\t\t\t<input size=\"1\" type=\"tel\" name=\"form_fields[field_3808ebb]\" id=\"form-field-field_3808ebb\" class=\"elementor-field elementor-size-sm  elementor-field-textual phone_with_ddd\" required=\"required\" placeholder=\"Telefone pessoal com DDD\">\t\t\t\t<\/div>\n\t\t\t\t\t\t\t\t<div class=\"elementor-field-type-email elementor-field-group elementor-column elementor-field-group-field_ab4f54d elementor-col-100 elementor-field-required\">\n\t\t\t\t\t\t\t\t\t\t\t\t<label for=\"form-field-field_ab4f54d\" class=\"elementor-field-label elementor-screen-only\">\n\t\t\t\t\t\t\t\tE-mail\t\t\t\t\t\t\t<\/label>\n\t\t\t\t\t\t\t\t\t\t\t\t\t\t<input size=\"1\" type=\"email\" name=\"form_fields[field_ab4f54d]\" id=\"form-field-field_ab4f54d\" class=\"elementor-field elementor-size-sm  elementor-field-textual\" placeholder=\"E-mail\" required=\"required\">\n\t\t\t\t\t\t\t\t\t\t\t<\/div>\n\t\t\t\t\t\t\t\t<div class=\"elementor-field-type-textarea elementor-field-group elementor-column elementor-field-group-field_1dc8055 elementor-col-100\">\n\t\t\t\t\t\t\t\t\t\t\t\t<label for=\"form-field-field_1dc8055\" class=\"elementor-field-label elementor-screen-only\">\n\t\t\t\t\t\t\t\tMensagem\t\t\t\t\t\t\t<\/label>\n\t\t\t\t\t\t<textarea class=\"elementor-field-textual elementor-field  elementor-size-sm\" name=\"form_fields[field_1dc8055]\" id=\"form-field-field_1dc8055\" rows=\"4\" placeholder=\"Mensagem\"><\/textarea>\t\t\t\t<\/div>\n\t\t\t\t\t\t\t\t<div class=\"elementor-field-group elementor-column elementor-field-type-submit elementor-col-100 e-form__buttons\">\n\t\t\t\t\t<button class=\"elementor-button elementor-size-sm\" type=\"submit\">\n\t\t\t\t\t\t<span class=\"elementor-button-content-wrapper\">\n\t\t\t\t\t\t\t\t\t\t\t\t\t\t\t\t\t\t\t\t\t\t<span class=\"elementor-button-text\">Enviar<\/span>\n\t\t\t\t\t\t\t\t\t\t\t\t\t<\/span>\n\t\t\t\t\t<\/button>\n\t\t\t\t<\/div>\n\t\t\t<\/div>\n\t\t<\/form>\n\t\t\t\t\t\t<\/div>\n\t\t\t\t<\/div>\n\t\t\t\t\t<\/div>\n\t\t<\/div>\n\t\t\t\t\t<\/div>\n\t\t<\/section>\n\t\t\t\t\t<\/div>\n\t\t<\/div>\n\t\t\t\t\t<\/div>\n\t\t<\/section>\n\t\t\t\t<\/div>\n\t\t","protected":false},"excerpt":{"rendered":"<p>Seja um distribuidor A MAISON VISAGE COSMETIQUE cresce com parcerias s\u00f3lidas na promo\u00e7\u00e3o de seus produtos, de qualidade reconhecida em todo o territ\u00f3rio nacional. Se voc\u00ea \u00e9 empreendedor e tem vontade de atuar no mercado de cosm\u00e9ticos, que cresce mais a cada ano, a MAISON oferece uma excelente e lucrativa oportunidade para voc\u00ea. A MAISON [&hellip;]<\/p>\n","protected":false},"author":1,"featured_media":0,"parent":0,"menu_order":0,"comment_status":"closed","ping_status":"closed","template":"elementor_canvas","meta":{"inline_featured_image":false,"site-sidebar-layout":"no-sidebar","site-content-layout":"page-builder","ast-site-content-layout":"default","site-content-style":"default","site-sidebar-style":"default","ast-global-header-display":"","ast-banner-title-visibility":"","ast-main-header-display":"","ast-hfb-above-header-display":"","ast-hfb-below-header-display":"","ast-hfb-mobile-header-display":"","site-post-title":"disabled","ast-breadcrumbs-content":"","ast-featured-img":"disabled","footer-sml-layout":"","ast-disable-related-posts":"","theme-transparent-header-meta":"","adv-header-id-meta":"","stick-header-meta":"","header-above-stick-meta":"","header-main-stick-meta":"","header-below-stick-meta":"","astra-migrate-meta-layouts":"default","ast-page-background-enabled":"default","ast-page-background-meta":{"desktop":{"background-color":"var(--ast-global-color-4)","background-image":"","background-repeat":"repeat","background-position":"center center","background-size":"auto","background-attachment":"scroll","background-type":"","background-media":"","overlay-type":"","overlay-color":"","overlay-opacity":"","overlay-gradient":""},"tablet":{"background-color":"","background-image":"","background-repeat":"repeat","background-position":"center center","background-size":"auto","background-attachment":"scroll","background-type":"","background-media":"","overlay-type":"","overlay-color":"","overlay-opacity":"","overlay-gradient":""},"mobile":{"background-color":"","background-image":"","background-repeat":"repeat","background-position":"center center","background-size":"auto","background-attachment":"scroll","background-type":"","background-media":"","overlay-type":"","overlay-color":"","overlay-opacity":"","overlay-gradient":""}},"ast-content-background-meta":{"desktop":{"background-color":"var(--ast-global-color-5)","background-image":"","background-repeat":"repeat","background-position":"center center","background-size":"auto","background-attachment":"scroll","background-type":"","background-media":"","overlay-type":"","overlay-color":"","overlay-opacity":"","overlay-gradient":""},"tablet":{"background-color":"var(--ast-global-color-5)","background-image":"","background-repeat":"repeat","background-position":"center center","background-size":"auto","background-attachment":"scroll","background-type":"","background-media":"","overlay-type":"","overlay-color":"","overlay-opacity":"","overlay-gradient":""},"mobile":{"background-color":"var(--ast-global-color-5)","background-image":"","background-repeat":"repeat","background-position":"center center","background-size":"auto","background-attachment":"scroll","background-type":"","background-media":"","overlay-type":"","overlay-color":"","overlay-opacity":"","overlay-gradient":""}},"footnotes":""},"class_list":["post-6648","page","type-page","status-publish","hentry"],"aioseo_notices":[],"_links":{"self":[{"href":"https:\/\/maisonvisage.com\/es\/wp-json\/wp\/v2\/pages\/6648","targetHints":{"allow":["GET"]}}],"collection":[{"href":"https:\/\/maisonvisage.com\/es\/wp-json\/wp\/v2\/pages"}],"about":[{"href":"https:\/\/maisonvisage.com\/es\/wp-json\/wp\/v2\/types\/page"}],"author":[{"embeddable":true,"href":"https:\/\/maisonvisage.com\/es\/wp-json\/wp\/v2\/users\/1"}],"replies":[{"embeddable":true,"href":"https:\/\/maisonvisage.com\/es\/wp-json\/wp\/v2\/comments?post=6648"}],"version-history":[{"count":42,"href":"https:\/\/maisonvisage.com\/es\/wp-json\/wp\/v2\/pages\/6648\/revisions"}],"predecessor-version":[{"id":7610,"href":"https:\/\/maisonvisage.com\/es\/wp-json\/wp\/v2\/pages\/6648\/revisions\/7610"}],"wp:attachment":[{"href":"https:\/\/maisonvisage.com\/es\/wp-json\/wp\/v2\/media?parent=6648"}],"curies":[{"name":"wp","href":"https:\/\/api.w.org\/{rel}","templated":true}]}}