{"id":6719,"date":"2023-05-06T14:52:39","date_gmt":"2023-05-06T17:52:39","guid":{"rendered":"https:\/\/maisonvisage.com\/?page_id=6719"},"modified":"2023-05-06T14:54:10","modified_gmt":"2023-05-06T17:54:10","slug":"ja-sou-um-salao-maison-visage","status":"publish","type":"page","link":"https:\/\/maisonvisage.com\/es\/ja-sou-um-salao-maison-visage\/","title":{"rendered":"Ya soy sal\u00f3n Maison Visage"},"content":{"rendered":"\t\t<div data-elementor-type=\"wp-page\" data-elementor-id=\"6719\" class=\"elementor elementor-6719\" data-elementor-settings=\"{&quot;ha_cmc_init_switcher&quot;:&quot;no&quot;}\" data-elementor-post-type=\"page\">\n\t\t\t\t\t\t<section data-particle_enable=\"false\" data-particle-mobile-disabled=\"false\" class=\"elementor-section elementor-top-section elementor-element elementor-element-f6f9ea0 elementor-section-height-min-height elementor-section-boxed elementor-section-height-default elementor-section-items-middle\" data-id=\"f6f9ea0\" data-element_type=\"section\" data-e-type=\"section\" data-settings=\"{&quot;_ha_eqh_enable&quot;:false}\">\n\t\t\t\t\t\t<div class=\"elementor-container elementor-column-gap-default\">\n\t\t\t\t\t<div class=\"elementor-column elementor-col-100 elementor-top-column elementor-element elementor-element-2f76c2e\" data-id=\"2f76c2e\" data-element_type=\"column\" data-e-type=\"column\">\n\t\t\t<div class=\"elementor-widget-wrap elementor-element-populated\">\n\t\t\t\t\t\t<div class=\"elementor-element elementor-element-46b73b3 elementor-widget elementor-widget-heading\" data-id=\"46b73b3\" data-element_type=\"widget\" data-e-type=\"widget\" data-widget_type=\"heading.default\">\n\t\t\t\t<div class=\"elementor-widget-container\">\n\t\t\t\t\t<h2 class=\"elementor-heading-title elementor-size-default\">J\u00e1 sou sal\u00e3o Maison Visage<\/h2>\t\t\t\t<\/div>\n\t\t\t\t<\/div>\n\t\t\t\t<section data-particle_enable=\"false\" data-particle-mobile-disabled=\"false\" class=\"elementor-section elementor-inner-section elementor-element elementor-element-814af1d elementor-section-boxed elementor-section-height-default elementor-section-height-default\" data-id=\"814af1d\" data-element_type=\"section\" data-e-type=\"section\" data-settings=\"{&quot;_ha_eqh_enable&quot;:false}\">\n\t\t\t\t\t\t<div class=\"elementor-container elementor-column-gap-default\">\n\t\t\t\t\t<div class=\"elementor-column elementor-col-50 elementor-inner-column elementor-element elementor-element-8e03389\" data-id=\"8e03389\" data-element_type=\"column\" data-e-type=\"column\">\n\t\t\t<div class=\"elementor-widget-wrap elementor-element-populated\">\n\t\t\t\t\t\t<div class=\"elementor-element elementor-element-fb4175e elementor-widget elementor-widget-heading\" data-id=\"fb4175e\" data-element_type=\"widget\" data-e-type=\"widget\" data-widget_type=\"heading.default\">\n\t\t\t\t<div class=\"elementor-widget-container\">\n\t\t\t\t\t<h2 class=\"elementor-heading-title elementor-size-default\">Preencha suas informa\u00e7\u00f5es para que seu sal\u00e3o apare\u00e7a na\nsess\u00e3o onde comprar de nosso site.\nOnde milhares de consumidores que buscam nossos produtos\npoder\u00e3o encontrar voc\u00ea!<\/h2>\t\t\t\t<\/div>\n\t\t\t\t<\/div>\n\t\t\t\t<div class=\"elementor-element elementor-element-1effcad elementor-widget elementor-widget-image\" data-id=\"1effcad\" data-element_type=\"widget\" data-e-type=\"widget\" data-widget_type=\"image.default\">\n\t\t\t\t<div class=\"elementor-widget-container\">\n\t\t\t\t\t\t\t\t\t\t\t\t\t\t\t<img fetchpriority=\"high\" decoding=\"async\" width=\"700\" height=\"467\" src=\"https:\/\/maisonvisage.com\/wp-content\/uploads\/2022\/08\/form02-1.jpg\" class=\"attachment-large size-large wp-image-2769\" alt=\"\" srcset=\"https:\/\/maisonvisage.com\/wp-content\/uploads\/2022\/08\/form02-1.jpg 700w, https:\/\/maisonvisage.com\/wp-content\/uploads\/2022\/08\/form02-1-300x200.jpg 300w, https:\/\/maisonvisage.com\/wp-content\/uploads\/2022\/08\/form02-1-600x400.jpg 600w\" sizes=\"(max-width: 700px) 100vw, 700px\" \/>\t\t\t\t\t\t\t\t\t\t\t\t\t\t\t<\/div>\n\t\t\t\t<\/div>\n\t\t\t\t<div class=\"elementor-element elementor-element-4201cb4 elementor-widget elementor-widget-html\" data-id=\"4201cb4\" data-element_type=\"widget\" data-e-type=\"widget\" data-widget_type=\"html.default\">\n\t\t\t\t<div class=\"elementor-widget-container\">\n\t\t\t\t\t<script type=\"text\/javascript\" src=\"https:\/\/cdnjs.cloudflare.com\/ajax\/libs\/jquery.mask\/1.14.15\/jquery.mask.min.js\"><\/script>\r\n<script type=\"text\/javascript\" >\r\n\r\njQuery(document).ready(function( $ ) {\r\nfunction limpa_formulario_cep() {\r\n\r\n$(\"#form-field-endereco\").val(\"\");\r\n$(\"#form-field-cidade\").val(\"\");\r\n$(\"#form-field-estado\").val(\"\");\r\n$(\"#form-field-bairro\").val(\"\");\r\n}\r\n\r\n$(\"#form-field-cep\").blur(function() {\r\n\r\nvar cep = $(this).val().replace(\/\\D\/g, '');\r\n\r\nif (cep != \"\") {\r\n\r\nvar validacep = \/^[0-9]{8}$\/;\r\n\r\nif(validacep.test(cep)) {\r\n\r\n$(\"#form-field-endereco\").val(\"...\");\r\n$(\"#form-field-cidade\").val(\"...\");\r\n$(\"#form-field-estado\").val(\"...\");\r\n$(\"#form-field-bairro\").val(\"...\");\r\n\r\n$.getJSON(\"\/\/viacep.com.br\/ws\/\"+ cep +\"\/json\/?callback=?\", function(dados) {\r\n\r\nif (!(\"erro\" in dados)) {\r\n\r\n$(\"#form-field-endereco\").val(dados.logradouro);\r\n$(\"#form-field-cidade\").val(dados.localidade);\r\n$(\"#form-field-estado\").val(dados.uf);\r\n$(\"#form-field-bairro\").val(dados.bairro);\r\n}\r\nelse {\r\n\r\nlimpa_formulario_cep();\r\nalert(\"CEP n\u00e3o encontrado.\");\r\n}\r\n});\r\n}\r\nelse {\r\n\r\nlimpa_formulario_cep();\r\nalert(\"Formato de CEP inv\u00e1lido.\");\r\n}\r\n}\r\nelse {\r\n\r\nlimpa_formulario_cep();\r\n}\r\n});\r\n$(\"#form-field-telefone_comercial\").mask(\"(99) 999999999\");\r\n$(\"#form-field-telefone_pessoal\").mask(\"(99) 999999999\");\r\n$(\"#form-field-rg\").mask(\"00.000.000-*\");\r\n$(\"#form-field-cpf\").mask(\"000.000.000-**\");\r\n$(\"#form-field-cep\").mask(\"00000-000\");\r\n\r\n});\r\n<\/script>\t\t\t\t<\/div>\n\t\t\t\t<\/div>\n\t\t\t\t\t<\/div>\n\t\t<\/div>\n\t\t\t\t<div class=\"elementor-column elementor-col-50 elementor-inner-column elementor-element elementor-element-2c4790e\" data-id=\"2c4790e\" data-element_type=\"column\" data-e-type=\"column\">\n\t\t\t<div class=\"elementor-widget-wrap elementor-element-populated\">\n\t\t\t\t\t\t<div class=\"elementor-element elementor-element-917ed0c elementor-button-align-start elementor-widget elementor-widget-form\" data-id=\"917ed0c\" data-element_type=\"widget\" data-e-type=\"widget\" data-settings=\"{&quot;step_next_label&quot;:&quot;Next&quot;,&quot;step_previous_label&quot;:&quot;Previous&quot;,&quot;button_width&quot;:&quot;100&quot;,&quot;step_type&quot;:&quot;number_text&quot;,&quot;step_icon_shape&quot;:&quot;circle&quot;}\" data-widget_type=\"form.default\">\n\t\t\t\t<div class=\"elementor-widget-container\">\n\t\t\t\t\t\t\t<form class=\"elementor-form\" method=\"post\" name=\"J\u00e1 sou Sal\u00e3o Maiosn Visage\" aria-label=\"J\u00e1 sou Sal\u00e3o Maiosn Visage\">\n\t\t\t<input type=\"hidden\" name=\"post_id\" value=\"6719\"\/>\n\t\t\t<input type=\"hidden\" name=\"form_id\" value=\"917ed0c\"\/>\n\t\t\t<input type=\"hidden\" name=\"referer_title\" value=\"J\u00e1 sou um sal\u00e3o Maison Visage - Maison Visage Cosmetique\" \/>\n\n\t\t\t\t\t\t\t<input type=\"hidden\" name=\"queried_id\" value=\"6719\"\/>\n\t\t\t\n\t\t\t<div class=\"elementor-form-fields-wrapper elementor-labels-\">\n\t\t\t\t\t\t\t\t<div class=\"elementor-field-type-text elementor-field-group elementor-column elementor-field-group-name elementor-col-100 elementor-field-required\">\n\t\t\t\t\t\t\t\t\t\t\t\t<label for=\"form-field-name\" class=\"elementor-field-label elementor-screen-only\">\n\t\t\t\t\t\t\t\tNome Fantasia\t\t\t\t\t\t\t<\/label>\n\t\t\t\t\t\t\t\t\t\t\t\t\t\t<input size=\"1\" type=\"text\" name=\"form_fields[name]\" id=\"form-field-name\" class=\"elementor-field elementor-size-xs  elementor-field-textual\" placeholder=\"Nome Fantasia*\" required=\"required\">\n\t\t\t\t\t\t\t\t\t\t\t<\/div>\n\t\t\t\t\t\t\t\t<div class=\"elementor-field-type-text elementor-field-group elementor-column elementor-field-group-field_0ab6128 elementor-col-100 elementor-field-required\">\n\t\t\t\t\t\t\t\t\t\t\t\t<label for=\"form-field-field_0ab6128\" class=\"elementor-field-label elementor-screen-only\">\n\t\t\t\t\t\t\t\tRespons\u00e1vel\t\t\t\t\t\t\t<\/label>\n\t\t\t\t\t\t\t\t\t\t\t\t\t\t<input size=\"1\" type=\"text\" name=\"form_fields[field_0ab6128]\" id=\"form-field-field_0ab6128\" class=\"elementor-field elementor-size-xs  elementor-field-textual\" placeholder=\"Respons\u00e1vel*\" required=\"required\">\n\t\t\t\t\t\t\t\t\t\t\t<\/div>\n\t\t\t\t\t\t\t\t<div class=\"elementor-field-type-text elementor-field-group elementor-column elementor-field-group-cep elementor-col-100 elementor-field-required\">\n\t\t\t\t\t\t\t\t\t\t\t\t<label for=\"form-field-cep\" class=\"elementor-field-label elementor-screen-only\">\n\t\t\t\t\t\t\t\tCEP\t\t\t\t\t\t\t<\/label>\n\t\t\t\t\t\t\t\t\t\t\t\t\t\t<input size=\"1\" type=\"text\" name=\"form_fields[cep]\" id=\"form-field-cep\" class=\"elementor-field elementor-size-xs  elementor-field-textual\" placeholder=\"CEP*\" required=\"required\">\n\t\t\t\t\t\t\t\t\t\t\t<\/div>\n\t\t\t\t\t\t\t\t<div class=\"elementor-field-type-text elementor-field-group elementor-column elementor-field-group-endereco elementor-col-100 elementor-field-required\">\n\t\t\t\t\t\t\t\t\t\t\t\t<label for=\"form-field-endereco\" class=\"elementor-field-label elementor-screen-only\">\n\t\t\t\t\t\t\t\tRua\t\t\t\t\t\t\t<\/label>\n\t\t\t\t\t\t\t\t\t\t\t\t\t\t<input size=\"1\" type=\"text\" name=\"form_fields[endereco]\" id=\"form-field-endereco\" class=\"elementor-field elementor-size-xs  elementor-field-textual\" placeholder=\"Rua*\" required=\"required\">\n\t\t\t\t\t\t\t\t\t\t\t<\/div>\n\t\t\t\t\t\t\t\t<div class=\"elementor-field-type-text elementor-field-group elementor-column elementor-field-group-numero elementor-col-100 elementor-field-required\">\n\t\t\t\t\t\t\t\t\t\t\t\t<label for=\"form-field-numero\" class=\"elementor-field-label elementor-screen-only\">\n\t\t\t\t\t\t\t\tN\u00famero\t\t\t\t\t\t\t<\/label>\n\t\t\t\t\t\t\t\t\t\t\t\t\t\t<input size=\"1\" type=\"text\" name=\"form_fields[numero]\" id=\"form-field-numero\" class=\"elementor-field elementor-size-xs  elementor-field-textual\" placeholder=\"N\u00famero*\" required=\"required\">\n\t\t\t\t\t\t\t\t\t\t\t<\/div>\n\t\t\t\t\t\t\t\t<div class=\"elementor-field-type-text elementor-field-group elementor-column elementor-field-group-bairro elementor-col-100 elementor-field-required\">\n\t\t\t\t\t\t\t\t\t\t\t\t<label for=\"form-field-bairro\" class=\"elementor-field-label elementor-screen-only\">\n\t\t\t\t\t\t\t\tBairro\t\t\t\t\t\t\t<\/label>\n\t\t\t\t\t\t\t\t\t\t\t\t\t\t<input size=\"1\" type=\"text\" name=\"form_fields[bairro]\" id=\"form-field-bairro\" class=\"elementor-field elementor-size-xs  elementor-field-textual\" placeholder=\"Bairro*\" required=\"required\">\n\t\t\t\t\t\t\t\t\t\t\t<\/div>\n\t\t\t\t\t\t\t\t<div class=\"elementor-field-type-text elementor-field-group elementor-column elementor-field-group-cidade elementor-col-100 elementor-field-required\">\n\t\t\t\t\t\t\t\t\t\t\t\t<label for=\"form-field-cidade\" class=\"elementor-field-label elementor-screen-only\">\n\t\t\t\t\t\t\t\tCidade\t\t\t\t\t\t\t<\/label>\n\t\t\t\t\t\t\t\t\t\t\t\t\t\t<input size=\"1\" type=\"text\" name=\"form_fields[cidade]\" id=\"form-field-cidade\" class=\"elementor-field elementor-size-xs  elementor-field-textual\" placeholder=\"Cidade*\" required=\"required\">\n\t\t\t\t\t\t\t\t\t\t\t<\/div>\n\t\t\t\t\t\t\t\t<div class=\"elementor-field-type-select elementor-field-group elementor-column elementor-field-group-estado elementor-col-100 elementor-field-required\">\n\t\t\t\t\t\t\t\t\t\t\t\t<label for=\"form-field-estado\" class=\"elementor-field-label elementor-screen-only\">\n\t\t\t\t\t\t\t\tEstado\t\t\t\t\t\t\t<\/label>\n\t\t\t\t\t\t\t\t<div class=\"elementor-field elementor-select-wrapper remove-before \">\n\t\t\t<div class=\"select-caret-down-wrapper\">\n\t\t\t\t<i aria-hidden=\"true\" class=\"eicon-caret-down\"><\/i>\t\t\t<\/div>\n\t\t\t<select name=\"form_fields[estado]\" id=\"form-field-estado\" class=\"elementor-field-textual elementor-size-xs\" required=\"required\">\n\t\t\t\t\t\t\t\t\t<option value=\"Estado*\">Estado*<\/option>\n\t\t\t\t\t\t\t\t\t<option value=\"AC\">AC<\/option>\n\t\t\t\t\t\t\t\t\t<option value=\"AL\">AL<\/option>\n\t\t\t\t\t\t\t\t\t<option value=\"AP\">AP<\/option>\n\t\t\t\t\t\t\t\t\t<option value=\"AM\">AM<\/option>\n\t\t\t\t\t\t\t\t\t<option value=\"BA\">BA<\/option>\n\t\t\t\t\t\t\t\t\t<option value=\"CE\">CE<\/option>\n\t\t\t\t\t\t\t\t\t<option value=\"DF\">DF<\/option>\n\t\t\t\t\t\t\t\t\t<option value=\"ES\">ES<\/option>\n\t\t\t\t\t\t\t\t\t<option value=\"GO\">GO<\/option>\n\t\t\t\t\t\t\t\t\t<option value=\"MA\">MA<\/option>\n\t\t\t\t\t\t\t\t\t<option value=\"MT\">MT<\/option>\n\t\t\t\t\t\t\t\t\t<option value=\"MS\">MS<\/option>\n\t\t\t\t\t\t\t\t\t<option value=\"MG\">MG<\/option>\n\t\t\t\t\t\t\t\t\t<option value=\"PA\">PA<\/option>\n\t\t\t\t\t\t\t\t\t<option value=\"PB\">PB<\/option>\n\t\t\t\t\t\t\t\t\t<option value=\"PR\">PR<\/option>\n\t\t\t\t\t\t\t\t\t<option value=\"PE\">PE<\/option>\n\t\t\t\t\t\t\t\t\t<option value=\"PI\">PI<\/option>\n\t\t\t\t\t\t\t\t\t<option value=\"RJ\">RJ<\/option>\n\t\t\t\t\t\t\t\t\t<option value=\"RN\">RN<\/option>\n\t\t\t\t\t\t\t\t\t<option value=\"RS\">RS<\/option>\n\t\t\t\t\t\t\t\t\t<option value=\"RO\">RO<\/option>\n\t\t\t\t\t\t\t\t\t<option value=\"RR\">RR<\/option>\n\t\t\t\t\t\t\t\t\t<option value=\"SC\">SC<\/option>\n\t\t\t\t\t\t\t\t\t<option value=\"SP\">SP<\/option>\n\t\t\t\t\t\t\t\t\t<option value=\"SE\">SE<\/option>\n\t\t\t\t\t\t\t\t\t<option value=\"TO\">TO<\/option>\n\t\t\t\t\t\t\t<\/select>\n\t\t<\/div>\n\t\t\t\t\t\t<\/div>\n\t\t\t\t\t\t\t\t<div class=\"elementor-field-type-text elementor-field-group elementor-column elementor-field-group-telefone_comercial elementor-col-100 elementor-field-required\">\n\t\t\t\t\t\t\t\t\t\t\t\t<label for=\"form-field-telefone_comercial\" class=\"elementor-field-label elementor-screen-only\">\n\t\t\t\t\t\t\t\tTelefone Comercial com DDD\t\t\t\t\t\t\t<\/label>\n\t\t\t\t\t\t\t\t\t\t\t\t\t\t<input size=\"1\" type=\"text\" name=\"form_fields[telefone_comercial]\" id=\"form-field-telefone_comercial\" class=\"elementor-field elementor-size-xs  elementor-field-textual\" placeholder=\"Telefone Comercial com DDD*\" required=\"required\">\n\t\t\t\t\t\t\t\t\t\t\t<\/div>\n\t\t\t\t\t\t\t\t<div class=\"elementor-field-type-text elementor-field-group elementor-column elementor-field-group-telefone_pessoal elementor-col-100 elementor-field-required\">\n\t\t\t\t\t\t\t\t\t\t\t\t<label for=\"form-field-telefone_pessoal\" class=\"elementor-field-label elementor-screen-only\">\n\t\t\t\t\t\t\t\tTelefone Pessoal com DDD\t\t\t\t\t\t\t<\/label>\n\t\t\t\t\t\t\t\t\t\t\t\t\t\t<input size=\"1\" type=\"text\" name=\"form_fields[telefone_pessoal]\" id=\"form-field-telefone_pessoal\" class=\"elementor-field elementor-size-xs  elementor-field-textual\" placeholder=\"Telefone Pessoal com DDD*\" required=\"required\">\n\t\t\t\t\t\t\t\t\t\t\t<\/div>\n\t\t\t\t\t\t\t\t<div class=\"elementor-field-type-email elementor-field-group elementor-column elementor-field-group-email elementor-col-100 elementor-field-required\">\n\t\t\t\t\t\t\t\t\t\t\t\t<label for=\"form-field-email\" class=\"elementor-field-label elementor-screen-only\">\n\t\t\t\t\t\t\t\tE-mail\t\t\t\t\t\t\t<\/label>\n\t\t\t\t\t\t\t\t\t\t\t\t\t\t<input size=\"1\" type=\"email\" name=\"form_fields[email]\" id=\"form-field-email\" class=\"elementor-field elementor-size-xs  elementor-field-textual\" placeholder=\"E-mail*\" required=\"required\">\n\t\t\t\t\t\t\t\t\t\t\t<\/div>\n\t\t\t\t\t\t\t\t<div class=\"elementor-field-type-text elementor-field-group elementor-column elementor-field-group-field_f939435 elementor-col-100 elementor-field-required\">\n\t\t\t\t\t\t\t\t\t\t\t\t<label for=\"form-field-field_f939435\" class=\"elementor-field-label elementor-screen-only\">\n\t\t\t\t\t\t\t\tRepresentante Maison Visage\t\t\t\t\t\t\t<\/label>\n\t\t\t\t\t\t\t\t\t\t\t\t\t\t<input size=\"1\" type=\"text\" name=\"form_fields[field_f939435]\" id=\"form-field-field_f939435\" class=\"elementor-field elementor-size-xs  elementor-field-textual\" placeholder=\"Representante Maison Visage*\" required=\"required\">\n\t\t\t\t\t\t\t\t\t\t\t<\/div>\n\t\t\t\t\t\t\t\t<div class=\"elementor-field-group elementor-column elementor-field-type-submit elementor-col-100 e-form__buttons\">\n\t\t\t\t\t<button class=\"elementor-button elementor-size-sm\" type=\"submit\">\n\t\t\t\t\t\t<span class=\"elementor-button-content-wrapper\">\n\t\t\t\t\t\t\t\t\t\t\t\t\t\t\t\t\t\t\t\t\t\t<span class=\"elementor-button-text\">Enviar<\/span>\n\t\t\t\t\t\t\t\t\t\t\t\t\t<\/span>\n\t\t\t\t\t<\/button>\n\t\t\t\t<\/div>\n\t\t\t<\/div>\n\t\t<\/form>\n\t\t\t\t\t\t<\/div>\n\t\t\t\t<\/div>\n\t\t\t\t\t<\/div>\n\t\t<\/div>\n\t\t\t\t\t<\/div>\n\t\t<\/section>\n\t\t\t\t\t<\/div>\n\t\t<\/div>\n\t\t\t\t\t<\/div>\n\t\t<\/section>\n\t\t\t\t<\/div>\n\t\t","protected":false},"excerpt":{"rendered":"<p>J\u00e1 sou sal\u00e3o Maison Visage Preencha suas informa\u00e7\u00f5es para que seu sal\u00e3o apare\u00e7a na sess\u00e3o onde comprar de nosso site. Onde milhares de consumidores que buscam nossos produtos poder\u00e3o encontrar voc\u00ea!<\/p>","protected":false},"author":1,"featured_media":0,"parent":0,"menu_order":0,"comment_status":"closed","ping_status":"closed","template":"elementor_canvas","meta":{"inline_featured_image":false,"site-sidebar-layout":"no-sidebar","site-content-layout":"page-builder","ast-site-content-layout":"default","site-content-style":"default","site-sidebar-style":"default","ast-global-header-display":"","ast-banner-title-visibility":"","ast-main-header-display":"","ast-hfb-above-header-display":"","ast-hfb-below-header-display":"","ast-hfb-mobile-header-display":"","site-post-title":"disabled","ast-breadcrumbs-content":"","ast-featured-img":"disabled","footer-sml-layout":"","ast-disable-related-posts":"","theme-transparent-header-meta":"","adv-header-id-meta":"","stick-header-meta":"","header-above-stick-meta":"","header-main-stick-meta":"","header-below-stick-meta":"","astra-migrate-meta-layouts":"default","ast-page-background-enabled":"default","ast-page-background-meta":{"desktop":{"background-color":"var(--ast-global-color-4)","background-image":"","background-repeat":"repeat","background-position":"center center","background-size":"auto","background-attachment":"scroll","background-type":"","background-media":"","overlay-type":"","overlay-color":"","overlay-opacity":"","overlay-gradient":""},"tablet":{"background-color":"","background-image":"","background-repeat":"repeat","background-position":"center center","background-size":"auto","background-attachment":"scroll","background-type":"","background-media":"","overlay-type":"","overlay-color":"","overlay-opacity":"","overlay-gradient":""},"mobile":{"background-color":"","background-image":"","background-repeat":"repeat","background-position":"center center","background-size":"auto","background-attachment":"scroll","background-type":"","background-media":"","overlay-type":"","overlay-color":"","overlay-opacity":"","overlay-gradient":""}},"ast-content-background-meta":{"desktop":{"background-color":"var(--ast-global-color-5)","background-image":"","background-repeat":"repeat","background-position":"center center","background-size":"auto","background-attachment":"scroll","background-type":"","background-media":"","overlay-type":"","overlay-color":"","overlay-opacity":"","overlay-gradient":""},"tablet":{"background-color":"var(--ast-global-color-5)","background-image":"","background-repeat":"repeat","background-position":"center center","background-size":"auto","background-attachment":"scroll","background-type":"","background-media":"","overlay-type":"","overlay-color":"","overlay-opacity":"","overlay-gradient":""},"mobile":{"background-color":"var(--ast-global-color-5)","background-image":"","background-repeat":"repeat","background-position":"center center","background-size":"auto","background-attachment":"scroll","background-type":"","background-media":"","overlay-type":"","overlay-color":"","overlay-opacity":"","overlay-gradient":""}},"footnotes":""},"class_list":["post-6719","page","type-page","status-publish","hentry"],"aioseo_notices":[],"_links":{"self":[{"href":"https:\/\/maisonvisage.com\/es\/wp-json\/wp\/v2\/pages\/6719","targetHints":{"allow":["GET"]}}],"collection":[{"href":"https:\/\/maisonvisage.com\/es\/wp-json\/wp\/v2\/pages"}],"about":[{"href":"https:\/\/maisonvisage.com\/es\/wp-json\/wp\/v2\/types\/page"}],"author":[{"embeddable":true,"href":"https:\/\/maisonvisage.com\/es\/wp-json\/wp\/v2\/users\/1"}],"replies":[{"embeddable":true,"href":"https:\/\/maisonvisage.com\/es\/wp-json\/wp\/v2\/comments?post=6719"}],"version-history":[{"count":0,"href":"https:\/\/maisonvisage.com\/es\/wp-json\/wp\/v2\/pages\/6719\/revisions"}],"wp:attachment":[{"href":"https:\/\/maisonvisage.com\/es\/wp-json\/wp\/v2\/media?parent=6719"}],"curies":[{"name":"wp","href":"https:\/\/api.w.org\/{rel}","templated":true}]}}