{"id":375,"date":"2024-03-22T09:07:33","date_gmt":"2024-03-22T12:07:33","guid":{"rendered":"https:\/\/maisonvisage.com\/marketing\/?page_id=375"},"modified":"2024-03-22T10:06:24","modified_gmt":"2024-03-22T13:06:24","slug":"area-publica","status":"publish","type":"page","link":"https:\/\/maisonvisage.com\/marketing\/area-publica\/","title":{"rendered":"\u00c1rea P\u00fablica"},"content":{"rendered":"\t\t<div data-elementor-type=\"wp-page\" data-elementor-id=\"375\" class=\"elementor elementor-375\" data-elementor-post-type=\"page\">\n\t\t\t\t<div class=\"elementor-element elementor-element-5329aa7 e-flex e-con-boxed e-con e-parent\" data-id=\"5329aa7\" data-element_type=\"container\" data-settings=\"{&quot;jet_parallax_layout_list&quot;:[]}\" data-core-v316-plus=\"true\">\n\t\t\t\t\t<div class=\"e-con-inner\">\n\t\t<div class=\"elementor-element elementor-element-e9dbe03 e-flex e-con-boxed e-con e-child\" data-id=\"e9dbe03\" data-element_type=\"container\" data-settings=\"{&quot;background_background&quot;:&quot;classic&quot;,&quot;jet_parallax_layout_list&quot;:[]}\">\n\t\t\t\t\t<div class=\"e-con-inner\">\n\t\t\t\t<div class=\"elementor-element elementor-element-22dfd95 elementor-widget__width-initial elementor-widget-mobile__width-inherit elementor-widget elementor-widget-jet-smart-filters-search\" data-id=\"22dfd95\" data-element_type=\"widget\" data-widget_type=\"jet-smart-filters-search.default\">\n\t\t\t\t<div class=\"elementor-widget-container\">\n\t\t\t<div class=\"jet-smart-filters-search jet-filter\"><div class=\"jet-filter-label\">Pesquisar pelo t\u00edtulo:<\/div>\n<div class=\"jet-search-filter\" data-query-type=\"_s\" data-query-var=\"query\" data-smart-filter=\"search\" data-filter-id=\"107\" data-apply-type=\"mixed-reload\" data-content-provider=\"jet-engine\" data-additional-providers=\"\" data-query-id=\"default\" data-active-label=\"Pesquisar pelo t\u00edtulo:\" data-layout-options=\"{&quot;show_label&quot;:&quot;&quot;,&quot;display_options&quot;:[]}\" data-query-var-suffix=\"search\">\n\t<div class=\"jet-search-filter__input-wrapper\">\n\t\t<input\n\t\t\tclass=\"jet-search-filter__input\"\n\t\t\ttype=\"search\"\n\t\t\tautocomplete=\"off\"\n\t\t\tname=\"query\"\n\t\t\tvalue=\"\"\n\t\t\tplaceholder=\"Buscar m\u00eddia...\"\n\t\t\taria-label=\"Pesquisar pelo t\u00edtulo:\"\n\t\t\t\t\t>\n\t\t\t<\/div>\n\t<\/div>\n<\/div>\t\t<\/div>\n\t\t\t\t<\/div>\n\t\t\t\t<div class=\"elementor-element elementor-element-dd74d67 elementor-widget__width-initial elementor-widget-mobile__width-inherit elementor-widget elementor-widget-jet-smart-filters-search\" data-id=\"dd74d67\" data-element_type=\"widget\" data-widget_type=\"jet-smart-filters-search.default\">\n\t\t\t\t<div class=\"elementor-widget-container\">\n\t\t\t<div class=\"jet-smart-filters-search jet-filter\"><div class=\"jet-filter-label\">Pesquisar pela descri\u00e7\u00e3o:<\/div>\n<div class=\"jet-search-filter\" data-query-type=\"meta_query\" data-query-var=\"descricao\" data-smart-filter=\"search\" data-filter-id=\"270\" data-apply-type=\"mixed-reload\" data-content-provider=\"jet-engine\" data-additional-providers=\"\" data-query-id=\"default\" data-active-label=\"Pesquisar pela descri\u00e7\u00e3o:\" data-layout-options=\"{&quot;show_label&quot;:&quot;&quot;,&quot;display_options&quot;:[]}\" data-query-var-suffix=\"search\">\n\t<div class=\"jet-search-filter__input-wrapper\">\n\t\t<input\n\t\t\tclass=\"jet-search-filter__input\"\n\t\t\ttype=\"search\"\n\t\t\tautocomplete=\"off\"\n\t\t\tname=\"descricao\"\n\t\t\tvalue=\"\"\n\t\t\tplaceholder=\"Buscar pela descri\u00e7\u00e3o\"\n\t\t\taria-label=\"Pesquisar pela descri\u00e7\u00e3o:\"\n\t\t\t\t\t>\n\t\t\t<\/div>\n\t<\/div>\n<\/div>\t\t<\/div>\n\t\t\t\t<\/div>\n\t\t\t\t<div class=\"elementor-element elementor-element-878647c elementor-widget elementor-widget-jet-smart-filters-apply-button\" data-id=\"878647c\" data-element_type=\"widget\" data-widget_type=\"jet-smart-filters-apply-button.default\">\n\t\t\t\t<div class=\"elementor-widget-container\">\n\t\t\t<div class=\"jet-smart-filters-apply-button jet-filter\"><div class=\"apply-filters\"  data-content-provider=\"jet-engine\" data-query-id=\"default\" data-additional-providers=\"\" data-apply-type=\"ajax\" data-redirect=\"\">\n\t<button\n\t\ttype=\"button\"\n\t\tclass=\"apply-filters__button\"\n\t\t\t>Pesquisar<\/button>\n<\/div><\/div>\t\t<\/div>\n\t\t\t\t<\/div>\n\t\t\t\t<div class=\"elementor-element elementor-element-4661d6d elementor-widget elementor-widget-jet-smart-filters-remove-filters hide-widget\" data-id=\"4661d6d\" data-element_type=\"widget\" data-widget_type=\"jet-smart-filters-remove-filters.default\">\n\t\t\t\t<div class=\"elementor-widget-container\">\n\t\t\t<div class=\"jet-smart-filters-remove-filters jet-filter\"><div class=\"jet-remove-all-filters hide\">\n\t<button\n\t\ttype=\"button\"\n\t\tclass=\"jet-remove-all-filters__button\"\n\t\tdata-content-provider=\"jet-engine\"\n\t\tdata-additional-providers=\"\"\n\t\tdata-apply-type=\"ajax\"\n\t\tdata-query-id=\"default\"\n\t\t\t>\n\t\tRemover filtros\t<\/button>\n<\/div><\/div>\t\t<\/div>\n\t\t\t\t<\/div>\n\t\t\t\t\t<\/div>\n\t\t\t\t<\/div>\n\t\t\t\t<div class=\"elementor-element elementor-element-354c37f elementor-widget elementor-widget-jet-listing-grid\" data-id=\"354c37f\" data-element_type=\"widget\" data-settings=\"{&quot;columns&quot;:&quot;1&quot;,&quot;columns_mobile&quot;:&quot;1&quot;}\" data-widget_type=\"jet-listing-grid.default\">\n\t\t\t\t<div class=\"elementor-widget-container\">\n\t\t\t<div class=\"jet-listing-grid jet-listing-grid--lazy-load jet-listing jet-listing-grid-loading\" data-lazy-load=\"{&quot;offset&quot;:&quot;0px&quot;,&quot;post_id&quot;:375,&quot;queried_id&quot;:&quot;375|WP_Post&quot;}\"><div class=\"jet-listing-grid__loader\"><div class=\"jet-listing-grid__loader-spinner\"><\/div><\/div><\/div>\t\t<\/div>\n\t\t\t\t<\/div>\n\t\t\t\t<div class=\"elementor-element elementor-element-deff3bb elementor-widget elementor-widget-jet-smart-filters-pagination\" data-id=\"deff3bb\" data-element_type=\"widget\" data-widget_type=\"jet-smart-filters-pagination.default\">\n\t\t\t\t<div class=\"elementor-widget-container\">\n\t\t\t<div\n\t\t\t\tclass=\"jet-smart-filters-pagination jet-filter\"\n\t\t\t\tdata-apply-provider=\"jet-engine\"\n\t\t\t\tdata-content-provider=\"jet-engine\"\n\t\t\t\tdata-query-id=\"default\"\n\t\t\t\tdata-controls=\"{&quot;items_enabled&quot;:true,&quot;pages_mid_size&quot;:0,&quot;pages_end_size&quot;:0,&quot;nav_enabled&quot;:true,&quot;prev&quot;:&quot;&lt;&quot;,&quot;next&quot;:&quot;&gt;&quot;,&quot;load_more_enabled&quot;:false,&quot;provider_top_offset&quot;:0}\"\n\t\t\t\tdata-apply-type=\"ajax\"\n\t\t\t><\/div>\t\t<\/div>\n\t\t\t\t<\/div>\n\t\t\t\t\t<\/div>\n\t\t\t\t<\/div>\n\t\t\t\t<\/div>\n\t\t","protected":false},"excerpt":{"rendered":"<p>Pesquisar pelo t\u00edtulo: Pesquisar pela descri\u00e7\u00e3o: Pesquisar Remover filtros<\/p>\n","protected":false},"author":1,"featured_media":0,"parent":0,"menu_order":0,"comment_status":"closed","ping_status":"closed","template":"","meta":{"footnotes":""},"_links":{"self":[{"href":"https:\/\/maisonvisage.com\/marketing\/wp-json\/wp\/v2\/pages\/375"}],"collection":[{"href":"https:\/\/maisonvisage.com\/marketing\/wp-json\/wp\/v2\/pages"}],"about":[{"href":"https:\/\/maisonvisage.com\/marketing\/wp-json\/wp\/v2\/types\/page"}],"author":[{"embeddable":true,"href":"https:\/\/maisonvisage.com\/marketing\/wp-json\/wp\/v2\/users\/1"}],"replies":[{"embeddable":true,"href":"https:\/\/maisonvisage.com\/marketing\/wp-json\/wp\/v2\/comments?post=375"}],"version-history":[{"count":13,"href":"https:\/\/maisonvisage.com\/marketing\/wp-json\/wp\/v2\/pages\/375\/revisions"}],"predecessor-version":[{"id":405,"href":"https:\/\/maisonvisage.com\/marketing\/wp-json\/wp\/v2\/pages\/375\/revisions\/405"}],"wp:attachment":[{"href":"https:\/\/maisonvisage.com\/marketing\/wp-json\/wp\/v2\/media?parent=375"}],"curies":[{"name":"wp","href":"https:\/\/api.w.org\/{rel}","templated":true}]}}